{"id":23,"date":"2026-04-02T23:42:21","date_gmt":"2026-04-02T23:42:21","guid":{"rendered":"https:\/\/www.wolnysinlimites.com\/?page_id=23"},"modified":"2026-04-11T12:16:34","modified_gmt":"2026-04-11T16:16:34","slug":"inicio","status":"publish","type":"page","link":"https:\/\/www.wolnysinlimites.com\/","title":{"rendered":"Inicio"},"content":{"rendered":"\n<div class=\"wp-block-group is-vertical is-content-justification-center is-layout-flex wp-container-core-group-is-layout-4b2eccd6 wp-block-group-is-layout-flex\">\n<div class=\"wp-block-group clean-block clean-hero pt-5 is-content-justification-center is-nowrap is-layout-flex wp-container-core-group-is-layout-94bc23d7 wp-block-group-is-layout-flex\">\n<div class=\"wp-block-columns z-index-1 is-layout-flex wp-container-core-columns-is-layout-9d6595d7 wp-block-columns-is-layout-flex\">\n<div class=\"wp-block-column is-layout-flow wp-block-column-is-layout-flow\">\n<div class=\"wp-block-group z-index-h is-vertical is-content-justification-center is-layout-flex wp-container-core-group-is-layout-4b2eccd6 wp-block-group-is-layout-flex\">\n<h2 class=\"wp-block-heading has-text-align-center txt-white\" style=\"font-size:2rem;font-style:normal;font-weight:400\">Caf\u00e9 Colombiano de Origen: Fusi\u00f3n con Libertad<\/h2>\n<\/div>\n\n\n\n<div class=\"wp-block-group is-vertical is-content-justification-center is-layout-flex wp-container-core-group-is-layout-4b2eccd6 wp-block-group-is-layout-flex\">\n<p class=\"txt-white wp-container-content-9cfa9a5a\" style=\"font-style:normal;font-weight:400\">Desde el coraz\u00f3n de las<br>monta\u00f1as de Chinchin\u00e1, Caldas<br><\/p>\n<\/div>\n<\/div>\n<\/div>\n<\/div>\n<\/div>\n\n\n\n<div class=\"wp-block-group container\"><div class=\"wp-block-group__inner-container is-layout-constrained wp-block-group-is-layout-constrained\">\n<div class=\"wp-block-group py-5 is-content-justification-center is-nowrap is-layout-flex wp-container-core-group-is-layout-94bc23d7 wp-block-group-is-layout-flex\">\n<h2 class=\"wp-block-heading has-text-align-center text-info-wln\" style=\"font-size:2.5rem;font-style:normal;font-weight:400\">Con\u00f3cenos<\/h2>\n<\/div>\n\n\n\n<div class=\"wp-block-group small-display\"><div class=\"wp-block-group__inner-container is-layout-constrained wp-block-group-is-layout-constrained\">\n<div class=\"wp-block-columns mobile-column is-layout-flex wp-container-core-columns-is-layout-9d6595d7 wp-block-columns-is-layout-flex\">\n<div class=\"wp-block-column px-1 is-layout-flow wp-block-column-is-layout-flow\" style=\"flex-basis:50%\">\n<h1 class=\"wp-block-heading has-text-align-center\">Nuestra Filosof\u00eda<\/h1>\n\n\n\n<h2 class=\"wp-block-heading\">Libres como el viento, intensos como el caf\u00e9.<\/h2>\n\n\n\n<p>Wolny nace del encuentro de tres esp\u00edritus caribe\u00f1os, forjados entre las olas de Puerto Rico y las monta\u00f1as que besan el mar en Colombia. Creemos que los grandes sabores deben ir m\u00e1s all\u00e1 de lo tradicional. Amamos la libertad, la naturaleza, el arte de vivir sin l\u00edmites. Nuestro caf\u00e9 no es solo un producto: es una experiencia, un susurro del Caribe que invita a vivir sin ataduras.<\/p>\n\n\n\n<p>Wolny en polaco significa &#8216;libertad&#8217;.<\/p>\n\n\n\n<p>Pero no es solo una palabra\u2014es un llamado. Cada sorbo es una rebeli\u00f3n contra la rutina, una chispa que despierta los sentidos y te susurra al alma: a\u00fan hay caminos por descubrir, sabores que estremecen, placeres que no has probado. Atr\u00e9vete y sorpr\u00e9ndete.<\/p>\n\n\n\n<p>Porque la vida no est\u00e1 hecha para repetirla\u2026 sino para sentirla, libre, intensa y sin l\u00edmites\u2026<\/p>\n<\/div>\n\n\n\n<div class=\"wp-block-column px-1 mobile-column is-layout-flow wp-block-column-is-layout-flow\" style=\"flex-basis:50%\"><div class=\"wp-block-image img-fluid text-center\">\n<figure class=\"aligncenter size-full is-resized\"><img loading=\"lazy\" decoding=\"async\" width=\"1070\" height=\"1419\" src=\"https:\/\/www.wolnysinlimites.com\/wp-content\/uploads\/2026\/04\/panel1.jpeg\" alt=\"\" class=\"wp-image-75\" style=\"aspect-ratio:0.7539582925403273;object-fit:contain;width:370px;height:auto\" title=\"decoration1\"\/><\/figure>\n<\/div><\/div>\n<\/div>\n<\/div><\/div>\n\n\n\n<hr class=\"wp-block-separator has-alpha-channel-opacity hr-border\"\/>\n\n\n\n<div class=\"wp-block-group large-display\"><div class=\"wp-block-group__inner-container is-layout-constrained wp-block-group-is-layout-constrained\">\n<div class=\"wp-block-columns is-layout-flex wp-container-core-columns-is-layout-9d6595d7 wp-block-columns-is-layout-flex\">\n<div class=\"wp-block-column px-1 mobile-column-reverse is-layout-flow wp-block-column-is-layout-flow\" style=\"flex-basis:50%\">\n<figure class=\"wp-block-image size-full is-resized img-fluid text-center\"><img loading=\"lazy\" decoding=\"async\" width=\"1071\" height=\"1418\" src=\"https:\/\/www.wolnysinlimites.com\/wp-content\/uploads\/2026\/04\/panel2.jpeg\" alt=\"\" class=\"wp-image-76\" style=\"aspect-ratio:0.7552943706118787;object-fit:contain;width:370px;height:auto\" title=\"decoration2\"\/><\/figure>\n<\/div>\n\n\n\n<div class=\"wp-block-column px-1 mobile-column-reverse is-layout-flow wp-block-column-is-layout-flow\" style=\"flex-basis:50%\">\n<h1 class=\"wp-block-heading has-text-align-center\">Nuestro Origen<\/h1>\n\n\n\n<p>Desde Chinchin\u00e1, Caldas \u2014 en el coraz\u00f3n palpitante del Eje Cafetero \u2014 cultivamos granos nobles entre los 1,600 y 1,700 metros sobre el nivel del mar. All\u00ed, donde las nubes acarician las monta\u00f1as y el tiempo madura lento nuestros cultivos, nace cada grano con car\u00e1cter.<\/p>\n\n\n\n<p>En nuestra planta Wolny, lo transformamos con esmero y alma libre, para que cada taza conserve su esencia: arom\u00e1tica, compleja y profundamente equilibrada. Todo bajo el sello y la garant\u00eda de la Federaci\u00f3n Nacional de Cafeteros de Colombia.<\/p>\n<\/div>\n<\/div>\n<\/div><\/div>\n\n\n\n<div class=\"wp-block-group small-display\"><div class=\"wp-block-group__inner-container is-layout-constrained wp-block-group-is-layout-constrained\">\n<div class=\"wp-block-columns is-layout-flex wp-container-core-columns-is-layout-9d6595d7 wp-block-columns-is-layout-flex\">\n<div class=\"wp-block-column px-1 mobile-column-reverse is-layout-flow wp-block-column-is-layout-flow\" style=\"flex-basis:50%\">\n<p>En nuestra planta Wolny, lo transformamos con esmero y alma libre, para que cada taza conserve su esencia: arom\u00e1tica, compleja y profundamente equilibrada. Todo bajo el sello y la garant\u00eda de la Federaci\u00f3n Nacional de Cafeteros de Colombia.<\/p>\n\n\n\n<p>Desde Chinchin\u00e1, Caldas \u2014 en el coraz\u00f3n palpitante del Eje Cafetero \u2014 cultivamos granos nobles entre los 1,600 y 1,700 metros sobre el nivel del mar. All\u00ed, donde las nubes acarician las monta\u00f1as y el tiempo madura lento nuestros cultivos, nace cada grano con car\u00e1cter.<\/p>\n\n\n\n<h1 class=\"wp-block-heading has-text-align-center\">Nuestro Origen<\/h1>\n<\/div>\n\n\n\n<div class=\"wp-block-column px-1 mobile-column-reverse is-layout-flow wp-block-column-is-layout-flow\" style=\"flex-basis:50%\">\n<figure class=\"wp-block-image size-full is-resized img-fluid text-center\"><img loading=\"lazy\" decoding=\"async\" width=\"1071\" height=\"1418\" src=\"https:\/\/www.wolnysinlimites.com\/wp-content\/uploads\/2026\/04\/panel2.jpeg\" alt=\"\" class=\"wp-image-76\" style=\"aspect-ratio:0.7552943706118787;object-fit:contain;width:370px;height:auto\" title=\"decoration2\"\/><\/figure>\n<\/div>\n<\/div>\n<\/div><\/div>\n\n\n\n<hr class=\"wp-block-separator has-alpha-channel-opacity hr-border\"\/>\n\n\n\n<div class=\"wp-block-group is-nowrap is-layout-flex wp-container-core-group-is-layout-ad2f72ca wp-block-group-is-layout-flex\">\n<div class=\"wp-block-columns is-layout-flex wp-container-core-columns-is-layout-9d6595d7 wp-block-columns-is-layout-flex\">\n<div class=\"wp-block-column is-layout-flow wp-block-column-is-layout-flow\">\n<div class=\"wp-block-group container is-vertical is-content-justification-center is-layout-flex wp-container-core-group-is-layout-4b2eccd6 wp-block-group-is-layout-flex\">\n<h1 class=\"wp-block-heading\">Lo Que Viene<\/h1>\n\n\n\n<div class=\"wp-block-group is-vertical is-layout-flex wp-container-core-group-is-layout-8cf370e7 wp-block-group-is-layout-flex\">\n<p>Muy pronto, nuevas creaciones brotar\u00e1n de nuestro esp\u00edritu rebelde.<\/p>\n\n\n\n<p>Infusiones con caf\u00e9, cervezas artesanales y chocolates de origen profundo, nacidos en tierras colombianas. Sabores intensos, inesperados, que no solo despiertan el paladar, sino que provocan los sentidos y celebran la libertad.<\/p>\n\n\n\n<p>Cada uno lleva la esencia indomable de Wolny: libre, aut\u00e9ntica y sin l\u00edmites\u2026<\/p>\n<\/div>\n<\/div>\n<\/div>\n<\/div>\n<\/div>\n<\/div><\/div>\n","protected":false},"excerpt":{"rendered":"<p>Caf\u00e9 Colombiano de Origen: Fusi\u00f3n con Libertad Desde el coraz\u00f3n de lasmonta\u00f1as de Chinchin\u00e1, Caldas Con\u00f3cenos Nuestra Filosof\u00eda Libres como el viento, intensos como el caf\u00e9. Wolny nace del encuentro de tres esp\u00edritus caribe\u00f1os, forjados entre las olas de Puerto Rico y las monta\u00f1as que besan el mar en Colombia. Creemos que los grandes sabores [&hellip;]<\/p>\n","protected":false},"author":1,"featured_media":0,"parent":0,"menu_order":0,"comment_status":"closed","ping_status":"closed","template":"","meta":{"footnotes":""},"class_list":["post-23","page","type-page","status-publish","hentry"],"_links":{"self":[{"href":"https:\/\/www.wolnysinlimites.com\/index.php\/wp-json\/wp\/v2\/pages\/23","targetHints":{"allow":["GET"]}}],"collection":[{"href":"https:\/\/www.wolnysinlimites.com\/index.php\/wp-json\/wp\/v2\/pages"}],"about":[{"href":"https:\/\/www.wolnysinlimites.com\/index.php\/wp-json\/wp\/v2\/types\/page"}],"author":[{"embeddable":true,"href":"https:\/\/www.wolnysinlimites.com\/index.php\/wp-json\/wp\/v2\/users\/1"}],"replies":[{"embeddable":true,"href":"https:\/\/www.wolnysinlimites.com\/index.php\/wp-json\/wp\/v2\/comments?post=23"}],"version-history":[{"count":10,"href":"https:\/\/www.wolnysinlimites.com\/index.php\/wp-json\/wp\/v2\/pages\/23\/revisions"}],"predecessor-version":[{"id":438,"href":"https:\/\/www.wolnysinlimites.com\/index.php\/wp-json\/wp\/v2\/pages\/23\/revisions\/438"}],"wp:attachment":[{"href":"https:\/\/www.wolnysinlimites.com\/index.php\/wp-json\/wp\/v2\/media?parent=23"}],"curies":[{"name":"wp","href":"https:\/\/api.w.org\/{rel}","templated":true}]}}